{"id":333,"date":"2021-11-27T12:54:34","date_gmt":"2021-11-27T19:24:34","guid":{"rendered":"https:\/\/juansalasabogados.com\/?page_id=333"},"modified":"2021-11-27T16:14:20","modified_gmt":"2021-11-27T22:44:20","slug":"privacy-policy","status":"publish","type":"page","link":"https:\/\/juansalasabogados.com\/english\/privacy-policy\/","title":{"rendered":"Privacy Policy"},"content":{"rendered":"\t\t<div data-elementor-type=\"wp-page\" data-elementor-id=\"333\" class=\"elementor elementor-333\" data-elementor-settings=\"[]\">\n\t\t\t\t\t\t\t<div class=\"elementor-section-wrap\">\n\t\t\t\t\t\t\t<section class=\"elementor-section elementor-top-section elementor-element elementor-element-6ca44afc elementor-section-full_width elementor-section-height-default elementor-section-height-default\" data-id=\"6ca44afc\" data-element_type=\"section\">\n\t\t\t\t\t\t<div class=\"elementor-container elementor-column-gap-no\">\n\t\t\t\t\t<div class=\"elementor-column elementor-col-100 elementor-top-column elementor-element elementor-element-73c03a18\" data-id=\"73c03a18\" data-element_type=\"column\">\n\t\t\t<div class=\"elementor-widget-wrap\">\n\t\t\t\t\t\t\t\t\t<\/div>\n\t\t<\/div>\n\t\t\t\t\t\t\t<\/div>\n\t\t<\/section>\n\t\t\t\t<section class=\"elementor-section elementor-top-section elementor-element elementor-element-78ba4740 elementor-section-boxed elementor-section-height-default elementor-section-height-default\" data-id=\"78ba4740\" data-element_type=\"section\">\n\t\t\t\t\t\t<div class=\"elementor-container elementor-column-gap-default\">\n\t\t\t\t\t<div class=\"elementor-column elementor-col-100 elementor-top-column elementor-element elementor-element-13c1da55\" data-id=\"13c1da55\" data-element_type=\"column\">\n\t\t\t<div class=\"elementor-widget-wrap elementor-element-populated\">\n\t\t\t\t\t\t\t\t<div class=\"elementor-element elementor-element-4b555681 elementor-widget elementor-widget-spacer\" data-id=\"4b555681\" data-element_type=\"widget\" data-widget_type=\"spacer.default\">\n\t\t\t\t<div class=\"elementor-widget-container\">\n\t\t\t\t\t<div class=\"elementor-spacer\">\n\t\t\t<div class=\"elementor-spacer-inner\"><\/div>\n\t\t<\/div>\n\t\t\t\t<\/div>\n\t\t\t\t<\/div>\n\t\t\t\t\t<\/div>\n\t\t<\/div>\n\t\t\t\t\t\t\t<\/div>\n\t\t<\/section>\n\t\t\t\t<section class=\"elementor-section elementor-top-section elementor-element elementor-element-e1622f0 elementor-section-boxed elementor-section-height-default elementor-section-height-default\" data-id=\"e1622f0\" data-element_type=\"section\">\n\t\t\t\t\t\t<div class=\"elementor-container elementor-column-gap-default\">\n\t\t\t\t\t<div class=\"elementor-column elementor-col-100 elementor-top-column elementor-element elementor-element-5c9eef84\" data-id=\"5c9eef84\" data-element_type=\"column\">\n\t\t\t<div class=\"elementor-widget-wrap elementor-element-populated\">\n\t\t\t\t\t\t\t\t<div class=\"elementor-element elementor-element-51f007dd elementor-widget elementor-widget-heading\" data-id=\"51f007dd\" data-element_type=\"widget\" data-widget_type=\"heading.default\">\n\t\t\t\t<div class=\"elementor-widget-container\">\n\t\t\t<h2 class=\"elementor-heading-title elementor-size-default\">Aviso de Privacidad\n<\/h2>\t\t<\/div>\n\t\t\t\t<\/div>\n\t\t\t\t\t<\/div>\n\t\t<\/div>\n\t\t\t\t\t\t\t<\/div>\n\t\t<\/section>\n\t\t\t\t<section class=\"elementor-section elementor-top-section elementor-element elementor-element-12c8dfd7 elementor-section-boxed elementor-section-height-default elementor-section-height-default\" data-id=\"12c8dfd7\" data-element_type=\"section\">\n\t\t\t\t\t\t<div class=\"elementor-container elementor-column-gap-default\">\n\t\t\t\t\t<div class=\"elementor-column elementor-col-100 elementor-top-column elementor-element elementor-element-4faf1b24\" data-id=\"4faf1b24\" data-element_type=\"column\">\n\t\t\t<div class=\"elementor-widget-wrap elementor-element-populated\">\n\t\t\t\t\t\t\t\t<div class=\"elementor-element elementor-element-105b33cc elementor-widget elementor-widget-text-editor\" data-id=\"105b33cc\" data-element_type=\"widget\" data-widget_type=\"text-editor.default\">\n\t\t\t\t<div class=\"elementor-widget-container\">\n\t\t\t\t\t\t\t<p>De conformidad en lo dispuesto en la\u00a0<strong>Ley Federal de Protecci\u00f3n de Datos Personales en Posesi\u00f3n de los Particulares y su Reglamento<\/strong>, se emite el presente Aviso de Privacidad en los siguientes t\u00e9rminos:<\/p><p><strong>El Responsable de la protecci\u00f3n de sus Datos Personales: \u201cJuan Salas Coquet Abogados S.C.\u201d y en su caso su representante legal, con domicilio en Durango 243, 10\u00ba Piso, Col. Roma, Delegaci\u00f3n Cuauht\u00e9moc, C.P. 06700, M\u00e9xico, D.F. es responsable de la obtenci\u00f3n, almacenamiento, tratamiento y protecci\u00f3n de sus datos personales.<\/strong><\/p><p><strong>Forma y medios de contacto<\/strong><br \/>Puede contactarnos, redactando un correo electr\u00f3nico, dirigido al Encargado de Protecci\u00f3n de la Informaci\u00f3n y hacerlo llegar a la siguiente direcci\u00f3n electr\u00f3nica:\u00a0<span class=\"wp_hide_email %63%6f%6e%74%61%63%74%6f%40%6a%75%61%6e%73%61%6c%61%73%63%6f%71%75%65%74%61%62%6f%67%61%64%6f%73%2e%6d%78\"><a href=\"mailto:contacto@juansalascoquetabogados.mx\">contacto@juansalascoquetabogados.mx<\/a><\/span>; o v\u00eda correo postal a la direcci\u00f3n\u00a0<strong>Durango 243, 10\u00ba Piso, Col. Roma, Delegaci\u00f3n Cuauht\u00e9moc, C.P. 06700, M\u00e9xico, D.F.<\/strong>, o bien, llamando a los tel\u00e9fonos establecidos en CONTACTO.<\/p><p><strong>Finalidad de los Datos Personales recabados<br \/><\/strong>Los datos personales que usted decide compartir con nosotros a trav\u00e9s del sitio web www.juansalascoquetabogados.mx, ser\u00e1n utilizados y tratados de conformidad con los Avisos de Legalidad que se pongan a su disposici\u00f3n y de acuerdo a las disposiciones vigentes en materia de protecci\u00f3n de datos personales.<\/p><p><strong>Datos recabados y medios de obtenci\u00f3n de Datos Personales<\/strong><br \/>Los datos personales que recabamos de usted, con los fines descritos en el presente aviso de privacidad, provienen de las siguientes fuentes:<\/p><p>-Personalmente, cuando usted contrata servicios.<\/p><p>-Directa, por v\u00eda de nuestro Portal en Internet (www.juansalascoquetabogados.mx), a trav\u00e9s de una llamada telef\u00f3nica a nuestras oficinas.<\/p><p>-Indirecta, los datos que recabamos de manera directa y v\u00eda Internet, entre otros, son: nombre, apellidos, raz\u00f3n social, domicilio, tel\u00e9fono, correo electr\u00f3nico, giro comercial de su empresa y RFC.<\/p><p>Toda vez que la Ley permite otras fuentes de allegarnos de informaci\u00f3n como lo son directorios telef\u00f3nicos, de servicios y laborales, los datos que por dichos medios podemos obtener son nombre y apellidos, tel\u00e9fono, correo electr\u00f3nico y direcci\u00f3n postal.<\/p><p>Los datos personales que usted proporciona de cualquier forma a nuestros distribuidores, no est\u00e1n sujetos a responsabilidad de Juan Salas Coquet Abogados, S.C., sino que son sujetos a las pol\u00edticas de privacidad de cada empresa que brinda el servicio.<\/p><p><strong>Opciones y medios para limitar el uso y divulgaci\u00f3n de datos<\/strong><br \/>Sus datos personales ser\u00e1n mantenidos en estricta confidencialidad, de conformidad con las medidas de seguridad, administrativas, t\u00e9cnicas y f\u00edsicas que al efecto Juan Salas Coquet Abogados, S.C., implemente en sus pol\u00edticas y procedimientos.<\/p><p><strong>Ejercicio de los Derechos ARCO (Acceso, Recopilaci\u00f3n, Cancelaci\u00f3n y Oposici\u00f3n)<\/strong><br \/>Usted tiene derecho de acceder a los datos personales que poseemos, a los detalles de tratamiento de los mismos, a la rectificaci\u00f3n en el caso de ser estos inexactos o incompletos, a cancelarlos cuando sea su consideraci\u00f3n que no son necesarios para alguna de las finalidades contenidas en el presente Aviso de Privacidad, que son utilizados para finalidades no consentidas y finalmente a oponerse al tratamiento de dichos datos para fines espec\u00edficos y que deber\u00e1 expresar de manera clara.<\/p><p>Como referencia, se describen brevemente los derechos ARCO:<\/p><p>Acceso.- que se le informe cu\u00e1les de sus datos personales est\u00e1n contenidos en las bases de datos de Juan Salas Coquet Abogados, para qu\u00e9 se utilizan dichos datos personales, el origen y las comunicaciones que se hayan realizado con los mismos y, en general, las condiciones y generalidades del tratamiento.<\/p><p>La obligaci\u00f3n de acceso se dar\u00e1 por cumplida cuando:<\/p><p>Los datos se pongan a disposici\u00f3n del titular de los datos personales o bien.<br \/>Mediante la expedici\u00f3n de copias simples, medios magn\u00e9ticos, \u00f3pticos, sonoros, visuales, hologr\u00e1ficos, documentos electr\u00f3nicos o cualquier otro medio o tecnolog\u00eda que se considere adecuada.<\/p><p>Rectificaci\u00f3n.- que se actualicen sus datos personales en caso de que sean inexactos o incompletos. Usted tendr\u00e1 la obligaci\u00f3n de informar a Juan Salas Coquet Abogados de los cambios que se deban hacer a sus datos personales, cuando dichos cambios solo sean de su conocimiento.<\/p><p>Cancelaci\u00f3n.- que sus datos personales sean dados de baja, total o parcialmente, de las bases de datos de Juan Salas Coquet Abogados por haberse cumplido la finalidad para la cual fueron recabados.<\/p><p>Oposici\u00f3n.- oponerse por causa leg\u00edtima al tratamiento de sus datos personales.<\/p><p><strong>Mecanismos para el ejercicio de los Derechos ARCO<\/strong><br \/>Los derechos antes descritos se ejercen a trav\u00e9s de la presentaci\u00f3n de la solicitud respectiva que por escrito y en idioma espa\u00f1ol debe presentar de manera gratuita a la direcci\u00f3n estipulada en la secci\u00f3n forma y medios de contacto, en el presente aviso de privacidad con atenci\u00f3n al Encargado de Protecci\u00f3n de la Informaci\u00f3n; o bien hacerla llegar por correo postal, previo pago del porte correspondiente, a la antes mencionada direcci\u00f3n y con atenci\u00f3n a la misma persona.<\/p><p>El plazo para atender su solicitud ser\u00e1 en un m\u00e1ximo de veinte d\u00edas contados a partir de la fecha de recepci\u00f3n de su solicitud de acceso, rectificaci\u00f3n, cancelaci\u00f3n u oposici\u00f3n.<\/p><p>Le hacemos patente que es el Instituto Federal de Acceso a la Informaci\u00f3n y Protecci\u00f3n de Datos Personales quien tiene encomendado velar por sus derechos ARCO y el encargado de regular y verificar la observancia de la Ley.<\/p><p><strong>Derecho de revocar su consentimiento para el tratamiento de datos<\/strong><br \/>En todo tiempo usted puede revocar el consentimiento que nos ha entregado para el tratamiento de sus datos personales con el prop\u00f3sito que se deje de hacer uso de los mismos, para ello es necesario que presente su petici\u00f3n seg\u00fan descrito en \u00e9ste mismo aviso en la parte de \u201cForma y medios de Contacto\u201d.<br \/>Su solicitud deber\u00e1 indicar Nombre completo (nombre o nombres y apellido o apellidos) copia simple de su identificaci\u00f3n oficial o en medios electr\u00f3nicos versi\u00f3n digitalizada de la misma (escaneo), indicaci\u00f3n del correo electr\u00f3nico o direcci\u00f3n f\u00edsica que designe para notificaciones y alg\u00fan n\u00famero telef\u00f3nico de contacto.<\/p><p><strong>Transferencia de datos, nacional e internacional<\/strong><br \/>Sus datos personales no ser\u00e1n transmitidos a terceros sin su consentimiento.<\/p><p><strong>Modificaciones al presente aviso de privacidad<\/strong><br \/>Nos queda reservado el derecho de efectuar, en cualquier tiempo, modificaciones o actualizaciones al presente aviso de privacidad para la atenci\u00f3n de novedades legislativas o pol\u00edticas internas.<\/p><p>Estas modificaciones estar\u00e1n disponibles en nuestro sitio www.juansalascoquetabogados.mx y las haremos de su conocimiento por cualquier medio incluidos los electr\u00f3nicos para que manifieste lo que a su derecho convenga, ya que de no recibir negativa expresa o escrita de su parte, o bien, respuesta alguna se entender\u00e1 que usted acepta de conformidad los cambios realizados.<\/p><p><strong>Consentimiento t\u00e1cito, en t\u00e9rminos del art\u00edculo octavo de la Ley<\/strong><br \/>En caso que usted desee manifestar OPOSICI\u00d3N a que sus datos personales sean tratados conforme a lo establecido en el presente aviso de privacidad deber\u00e1 enviar su negativa por escrito en idioma espa\u00f1ol a la direcci\u00f3n descrita en la secci\u00f3n \u201cForma y medios de contacto\u201d del presente aviso, ya que de no recibir negativa expresa o escrita de su parte, o bien, respuesta alguna, se entender\u00e1 que usted acepta de conformidad el presente aviso de privacidad.<\/p><p><strong>Cambio de Pol\u00edtica de Privacidad<\/strong><br \/>Nos reservamos el derecho de hacer cambios a la presente pol\u00edtica de privacidad por lo que le sugerimos revisar peri\u00f3dicamente a fin de enterarse de los cambios y modificaciones que se realizar\u00e1n. La pol\u00edtica de privacidad vigente ser\u00e1 publicada en nuestro sitio web, con lo que prueba que conoce y acepta las pol\u00edticas de privacidad al momento de dicho uso.<\/p>\t\t\t\t\t\t<\/div>\n\t\t\t\t<\/div>\n\t\t\t\t\t<\/div>\n\t\t<\/div>\n\t\t\t\t\t\t\t<\/div>\n\t\t<\/section>\n\t\t\t\t<section class=\"elementor-section elementor-top-section elementor-element elementor-element-74c39b24 elementor-section-boxed elementor-section-height-default elementor-section-height-default\" data-id=\"74c39b24\" data-element_type=\"section\">\n\t\t\t\t\t\t<div class=\"elementor-container elementor-column-gap-default\">\n\t\t\t\t\t<div class=\"elementor-column elementor-col-100 elementor-top-column elementor-element elementor-element-6c238bd1\" data-id=\"6c238bd1\" data-element_type=\"column\">\n\t\t\t<div class=\"elementor-widget-wrap elementor-element-populated\">\n\t\t\t\t\t\t\t\t<div class=\"elementor-element elementor-element-4fa1ecda elementor-widget elementor-widget-spacer\" data-id=\"4fa1ecda\" data-element_type=\"widget\" data-widget_type=\"spacer.default\">\n\t\t\t\t<div class=\"elementor-widget-container\">\n\t\t\t\t\t<div class=\"elementor-spacer\">\n\t\t\t<div class=\"elementor-spacer-inner\"><\/div>\n\t\t<\/div>\n\t\t\t\t<\/div>\n\t\t\t\t<\/div>\n\t\t\t\t\t<\/div>\n\t\t<\/div>\n\t\t\t\t\t\t\t<\/div>\n\t\t<\/section>\n\t\t\t\t\t\t<\/div>\n\t\t\t\t\t<\/div>\n\t\t","protected":false},"excerpt":{"rendered":"<p>Aviso de Privacidad De conformidad en lo dispuesto en la\u00a0Ley Federal de Protecci\u00f3n de Datos Personales en Posesi\u00f3n de los Particulares y su Reglamento, se emite el presente Aviso de Privacidad en los siguientes t\u00e9rminos: El Responsable de la protecci\u00f3n de sus Datos Personales: \u201cJuan Salas Coquet Abogados S.C.\u201d y en su caso su representante &#8230; <a title=\"Privacy Policy\" class=\"read-more\" href=\"https:\/\/juansalasabogados.com\/english\/privacy-policy\/\" aria-label=\"More on Privacy Policy\">Read more<\/a><\/p>\n","protected":false},"author":1,"featured_media":0,"parent":0,"menu_order":0,"comment_status":"closed","ping_status":"closed","template":"elementor_header_footer","meta":{"om_disable_all_campaigns":false,"_mi_skip_tracking":false,"footnotes":""},"class_list":["post-333","page","type-page","status-publish"],"aioseo_notices":[],"_links":{"self":[{"href":"https:\/\/juansalasabogados.com\/english\/wp-json\/wp\/v2\/pages\/333","targetHints":{"allow":["GET"]}}],"collection":[{"href":"https:\/\/juansalasabogados.com\/english\/wp-json\/wp\/v2\/pages"}],"about":[{"href":"https:\/\/juansalasabogados.com\/english\/wp-json\/wp\/v2\/types\/page"}],"author":[{"embeddable":true,"href":"https:\/\/juansalasabogados.com\/english\/wp-json\/wp\/v2\/users\/1"}],"replies":[{"embeddable":true,"href":"https:\/\/juansalasabogados.com\/english\/wp-json\/wp\/v2\/comments?post=333"}],"version-history":[{"count":4,"href":"https:\/\/juansalasabogados.com\/english\/wp-json\/wp\/v2\/pages\/333\/revisions"}],"predecessor-version":[{"id":353,"href":"https:\/\/juansalasabogados.com\/english\/wp-json\/wp\/v2\/pages\/333\/revisions\/353"}],"wp:attachment":[{"href":"https:\/\/juansalasabogados.com\/english\/wp-json\/wp\/v2\/media?parent=333"}],"curies":[{"name":"wp","href":"https:\/\/api.w.org\/{rel}","templated":true}]}}